{"id":530,"date":"2023-02-19T18:48:50","date_gmt":"2023-02-19T18:48:50","guid":{"rendered":"https:\/\/americanevolutionglass.com\/contacto\/"},"modified":"2023-02-19T20:05:41","modified_gmt":"2023-02-19T20:05:41","slug":"contacto","status":"publish","type":"page","link":"https:\/\/americanevolutionglass.com\/es\/contacto\/","title":{"rendered":"Contacto"},"content":{"rendered":"<p>[et_pb_section fb_built=\u00bb1&#8243; fullwidth=\u00bbon\u00bb admin_label=\u00bbHeader\u00bb _builder_version=\u00bb4.17.4&#8243; _module_preset=\u00bbdefault\u00bb background_image=\u00bbhttps:\/\/americanevolutionglass.com\/wp-content\/uploads\/2023\/02\/American-Evolution-Glass-11.png\u00bb parallax=\u00bbon\u00bb custom_margin=\u00bb|||\u00bb custom_padding=\u00bb|||\u00bb locked=\u00bboff\u00bb global_colors_info=\u00bb{}\u00bb][et_pb_fullwidth_header title=\u00bbCont\u00e1ctanos\u00bb text_orientation=\u00bbcenter\u00bb button_one_url=\u00bbhttps:\/\/americanevolutionglass.com\/contact\/\u00bb title_last_edited=\u00bboff|desktop\u00bb scroll_down_icon_size_tablet=\u00bb\u00bb scroll_down_icon_size_phone=\u00bb\u00bb scroll_down_icon_size_last_edited=\u00bbon|phone\u00bb button_one_text_tablet=\u00bbObt\u00e9n un estimado gratis\u00bb button_one_text_phone=\u00bbObtener Cotizaci\u00f3n\u00bb button_one_text_last_edited=\u00bboff|desktop\u00bb _builder_version=\u00bb4.17.4&#8243; _module_preset=\u00bbdefault\u00bb title_font=\u00bbUbuntu|700|||||||\u00bb title_font_size=\u00bb70px\u00bb title_line_height=\u00bb1.2em\u00bb content_font=\u00bb|600|||||||\u00bb content_font_size=\u00bb20px\u00bb content_line_height=\u00bb2em\u00bb background_color=\u00bbrgba(255,255,255,0)\u00bb use_background_color_gradient=\u00bbon\u00bb background_color_gradient_stops=\u00bbrgba(255,255,255,0.65) 0%|rgba(255,255,255,0.65) 100%\u00bb background_enable_image=\u00bboff\u00bb custom_button_one=\u00bbon\u00bb button_one_text_size=\u00bb18px\u00bb button_one_text_color=\u00bb#ffffff\u00bb button_one_bg_color=\u00bb#EC1E24&#8243; button_one_bg_color_gradient_direction=\u00bb90deg\u00bb button_one_bg_color_gradient_stops=\u00bb#f2835a 0%|#fab993 100%\u00bb button_one_bg_color_gradient_overlays_image=\u00bbon\u00bb button_one_bg_color_gradient_start=\u00bb#f2835a\u00bb button_one_bg_color_gradient_end=\u00bb#fab993&#8243; button_one_border_width=\u00bb10px\u00bb button_one_border_color=\u00bb#EC1E24&#8243; button_one_border_radius=\u00bb0px\u00bb button_one_font=\u00bbUbuntu|700|||||||\u00bb custom_button_two=\u00bbon\u00bb button_two_text_size=\u00bb18px\u00bb button_two_text_color=\u00bb#ffffff\u00bb button_two_bg_color=\u00bb#557df3&#8243; button_two_border_width=\u00bb10px\u00bb button_two_border_color=\u00bb#557df3&#8243; button_two_border_radius=\u00bb0px\u00bb button_two_font=\u00bbUbuntu|700|||||||\u00bb background_layout=\u00bblight\u00bb custom_padding=\u00bb10vw||10vw||true|false\u00bb custom_padding_tablet=\u00bb||||false\u00bb custom_padding_phone=\u00bb15vw||15vw||true|false\u00bb custom_padding_last_edited=\u00bbon|phone\u00bb animation_style=\u00bbfade\u00bb link_option_url_new_window=\u00bbon\u00bb title_font_size_tablet=\u00bb35px\u00bb title_font_size_phone=\u00bb35px\u00bb title_font_size_last_edited=\u00bbon|phone\u00bb content_font_size_tablet=\u00bb16px\u00bb content_font_size_phone=\u00bb18px\u00bb content_font_size_last_edited=\u00bbon|phone\u00bb button_one_text_size_tablet=\u00bb\u00bb button_one_text_size_phone=\u00bb\u00bb button_one_text_size_last_edited=\u00bbon|desktop\u00bb button_one_border_radius_hover=\u00bb0px\u00bb button_two_border_radius_hover=\u00bb0px\u00bb global_colors_info=\u00bb{}\u00bb button_one_text_size__hover_enabled=\u00bboff\u00bb button_two_text_size__hover_enabled=\u00bboff\u00bb button_one_text_color__hover_enabled=\u00bboff\u00bb button_two_text_color__hover_enabled=\u00bboff\u00bb button_one_border_width__hover_enabled=\u00bboff\u00bb button_two_border_width__hover_enabled=\u00bboff\u00bb button_one_border_color__hover_enabled=\u00bboff\u00bb button_two_border_color__hover_enabled=\u00bboff\u00bb button_one_border_radius__hover_enabled=\u00bbon\u00bb button_one_border_radius__hover=\u00bb0px\u00bb button_two_border_radius__hover_enabled=\u00bbon\u00bb button_two_border_radius__hover=\u00bb0px\u00bb button_one_letter_spacing__hover_enabled=\u00bboff\u00bb button_two_letter_spacing__hover_enabled=\u00bboff\u00bb button_one_bg_color__hover_enabled=\u00bboff\u00bb button_two_bg_color__hover_enabled=\u00bboff\u00bb]<\/p>\n<p>Nos encantar\u00eda saber de usted; escr\u00edbanos o simplemente ll\u00e1menos.<\/p>\n<p>\u00a1Estamos aqu\u00ed para ayudar!<\/p>\n<p>&nbsp;<\/p>\n<p>[\/et_pb_fullwidth_header][\/et_pb_section][et_pb_section fb_built=\u00bb1&#8243; admin_label=\u00bbContact Info\u00bb _builder_version=\u00bb4.17.4&#8243; _module_preset=\u00bbdefault\u00bb background_color=\u00bb#ffffff\u00bb max_width=\u00bb100%\u00bb max_width_tablet=\u00bb90%\u00bb max_width_phone=\u00bb100%\u00bb max_width_last_edited=\u00bbon|tablet\u00bb module_alignment=\u00bbright\u00bb custom_margin=\u00bb-4vw||||false\u00bb animation_style=\u00bbslide\u00bb animation_direction=\u00bbright\u00bb animation_intensity_slide=\u00bb5%\u00bb border_radii=\u00bbon|6px|6px|6px|6px\u00bb box_shadow_style=\u00bbpreset1&#8243; box_shadow_horizontal=\u00bb-80px\u00bb box_shadow_vertical=\u00bb80px\u00bb box_shadow_blur=\u00bb200px\u00bb box_shadow_color=\u00bbrgba(48,106,255,0.1)\u00bb global_colors_info=\u00bb{}\u00bb][et_pb_row column_structure=\u00bb1_3,1_3,1_3&#8243; _builder_version=\u00bb4.17.4&#8243; _module_preset=\u00bbdefault\u00bb locked=\u00bboff\u00bb global_colors_info=\u00bb{}\u00bb][et_pb_column type=\u00bb1_3&#8243; _builder_version=\u00bb4.16&#8243; _module_preset=\u00bbdefault\u00bb custom_padding=\u00bb|||\u00bb global_colors_info=\u00bb{}\u00bb custom_padding__hover=\u00bb|||\u00bb][et_pb_blurb title=\u00bbLl\u00e1manos Ahora\u00bb url=\u00bbtel:7868793746&#8243; use_icon=\u00bbon\u00bb font_icon=\u00bb&#xe090;||divi||400&#8243; icon_color=\u00bb#2967B2&#8243; icon_placement=\u00bbleft\u00bb icon_color_tablet=\u00bb#2967B2&#8243; icon_color_phone=\u00bb#2967B2&#8243; icon_color_last_edited=\u00bbon|tablet\u00bb icon_placement_tablet=\u00bbtop\u00bb icon_placement_phone=\u00bbtop\u00bb icon_placement_last_edited=\u00bbon|phone\u00bb image_icon_width_tablet=\u00bb50px\u00bb image_icon_width_phone=\u00bb50px\u00bb image_icon_width_last_edited=\u00bbon|phone\u00bb _builder_version=\u00bb4.17.4&#8243; _module_preset=\u00bbdefault\u00bb header_level=\u00bbh6&#8243; header_font=\u00bbUbuntu|700|||||||\u00bb header_text_color=\u00bb#2967B2&#8243; header_font_size=\u00bb22px\u00bb header_line_height=\u00bb1.8em\u00bb body_font=\u00bb||||||||\u00bb body_text_align=\u00bbleft\u00bb body_link_text_color=\u00bb#000000&#8243; link_option_url=\u00bbtel:7868793746&#8243; header_text_align_tablet=\u00bbcenter\u00bb header_text_align_phone=\u00bbcenter\u00bb header_text_align_last_edited=\u00bbon|tablet\u00bb body_text_align_tablet=\u00bbcenter\u00bb body_text_align_phone=\u00bbcenter\u00bb body_text_align_last_edited=\u00bbon|tablet\u00bb border_color_all=\u00bbrgba(85,125,243,0.15)\u00bb border_width_right=\u00bb2px\u00bb border_width_right_tablet=\u00bb0px\u00bb border_width_right_phone=\u00bb0px\u00bb border_width_right_last_edited=\u00bbon|tablet\u00bb locked=\u00bboff\u00bb global_colors_info=\u00bb{}\u00bb]<\/p>\n<p>(786) 879-3746<\/p>\n<p>[\/et_pb_blurb][\/et_pb_column][et_pb_column type=\u00bb1_3&#8243; _builder_version=\u00bb4.16&#8243; _module_preset=\u00bbdefault\u00bb custom_padding=\u00bb|||\u00bb global_colors_info=\u00bb{}\u00bb custom_padding__hover=\u00bb|||\u00bb][et_pb_blurb title=\u00bbEscr\u00edbenos Ahora\u00bb url=\u00bbsms:+17868793746&#8243; use_icon=\u00bbon\u00bb font_icon=\u00bb&#xe065;||divi||400&#8243; icon_color=\u00bb#2967B2&#8243; icon_placement=\u00bbleft\u00bb icon_color_tablet=\u00bb#2967B2&#8243; icon_color_phone=\u00bb#2967B2&#8243; icon_color_last_edited=\u00bbon|tablet\u00bb icon_placement_tablet=\u00bbtop\u00bb icon_placement_phone=\u00bbtop\u00bb icon_placement_last_edited=\u00bbon|phone\u00bb image_icon_width_tablet=\u00bb50px\u00bb image_icon_width_phone=\u00bb50px\u00bb image_icon_width_last_edited=\u00bbon|phone\u00bb _builder_version=\u00bb4.17.4&#8243; _module_preset=\u00bbdefault\u00bb header_level=\u00bbh6&#8243; header_font=\u00bbUbuntu|700|||||||\u00bb header_text_align=\u00bbleft\u00bb header_text_color=\u00bb#2967B2&#8243; header_font_size=\u00bb22px\u00bb header_line_height=\u00bb1.8em\u00bb body_font=\u00bb||||||||\u00bb body_text_align=\u00bbleft\u00bb body_link_text_color=\u00bb#000000&#8243; link_option_url=\u00bbsms:+17868793746&#8243; header_text_align_tablet=\u00bbcenter\u00bb header_text_align_phone=\u00bbcenter\u00bb header_text_align_last_edited=\u00bbon|desktop\u00bb body_text_align_tablet=\u00bbcenter\u00bb body_text_align_phone=\u00bbcenter\u00bb body_text_align_last_edited=\u00bbon|tablet\u00bb border_color_all=\u00bbrgba(85,125,243,0.15)\u00bb border_width_right=\u00bb2px\u00bb border_width_right_tablet=\u00bb0px\u00bb border_width_right_phone=\u00bb0px\u00bb border_width_right_last_edited=\u00bbon|tablet\u00bb locked=\u00bboff\u00bb global_colors_info=\u00bb{}\u00bb]<\/p>\n<p>(786) 879-3746<\/p>\n<p>[\/et_pb_blurb][\/et_pb_column][et_pb_column type=\u00bb1_3&#8243; _builder_version=\u00bb4.16&#8243; _module_preset=\u00bbdefault\u00bb custom_padding=\u00bb|||\u00bb global_colors_info=\u00bb{}\u00bb custom_padding__hover=\u00bb|||\u00bb][et_pb_blurb title=\u00bbEnv\u00edanos un Email\u00bb url=\u00bbmailto:info@americanevolutionglass.com\u00bb url_new_window=\u00bbon\u00bb use_icon=\u00bbon\u00bb font_icon=\u00bb&#xe076;||divi||400&#8243; icon_color=\u00bb#2967B2&#8243; icon_placement=\u00bbleft\u00bb icon_color_tablet=\u00bb#2967B2&#8243; icon_color_phone=\u00bb#2967B2&#8243; icon_color_last_edited=\u00bbon|phone\u00bb icon_placement_tablet=\u00bbtop\u00bb icon_placement_phone=\u00bbtop\u00bb icon_placement_last_edited=\u00bbon|phone\u00bb image_icon_width_tablet=\u00bb50px\u00bb image_icon_width_phone=\u00bb50px\u00bb image_icon_width_last_edited=\u00bbon|phone\u00bb _builder_version=\u00bb4.17.4&#8243; _module_preset=\u00bbdefault\u00bb header_level=\u00bbh6&#8243; header_font=\u00bbUbuntu|700|||||||\u00bb header_text_align=\u00bbleft\u00bb header_text_color=\u00bb#2967B2&#8243; header_font_size=\u00bb22px\u00bb header_line_height=\u00bb1.8em\u00bb body_font=\u00bb||||||||\u00bb body_text_align=\u00bbleft\u00bb body_link_text_color=\u00bb#000000&#8243; link_option_url=\u00bbmailto:info@americanevolutionglass.com\u00bb link_option_url_new_window=\u00bbon\u00bb header_text_align_tablet=\u00bbcenter\u00bb header_text_align_phone=\u00bbcenter\u00bb header_text_align_last_edited=\u00bbon|desktop\u00bb body_text_align_tablet=\u00bbcenter\u00bb body_text_align_phone=\u00bbcenter\u00bb body_text_align_last_edited=\u00bbon|tablet\u00bb border_color_all=\u00bbrgba(85,125,243,0.15)\u00bb border_width_right_tablet=\u00bb0px\u00bb border_width_right_phone=\u00bb0px\u00bb border_width_right_last_edited=\u00bbon|tablet\u00bb locked=\u00bboff\u00bb global_colors_info=\u00bb{}\u00bb]<\/p>\n<p><a href=\"mailto:info@americanevolutionglass.com\" target=\"_blank\" rel=\"noopener\">info@americanevolutionglass.com<\/a><\/p>\n<p>[\/et_pb_blurb][\/et_pb_column][\/et_pb_row][\/et_pb_section][et_pb_section fb_built=\u00bb1&#8243; admin_label=\u00bbFooter\u00bb _builder_version=\u00bb4.17.4&#8243; _module_preset=\u00bbdefault\u00bb background_color=\u00bb#2967B2&#8243; max_width=\u00bb100%\u00bb max_width_tablet=\u00bb90%\u00bb max_width_phone=\u00bb100%\u00bb max_width_last_edited=\u00bbon|phone\u00bb module_alignment=\u00bbright\u00bb custom_margin=\u00bb|||\u00bb custom_margin_last_edited=\u00bboff|desktop\u00bb animation_style=\u00bbslide\u00bb animation_direction=\u00bbright\u00bb animation_intensity_slide=\u00bb5%\u00bb border_radii=\u00bbon|6px|6px|6px|6px\u00bb box_shadow_style=\u00bbpreset4&#8243; box_shadow_horizontal=\u00bb20px\u00bb box_shadow_vertical=\u00bb-20px\u00bb box_shadow_color=\u00bbRGBA(41,103,178,0.2)\u00bb saved_tabs=\u00bball\u00bb locked=\u00bboff\u00bb global_colors_info=\u00bb{}\u00bb][et_pb_row column_structure=\u00bb1_2,1_2&#8243; _builder_version=\u00bb4.17.4&#8243; _module_preset=\u00bbdefault\u00bb global_colors_info=\u00bb{}\u00bb][et_pb_column type=\u00bb1_2&#8243; _builder_version=\u00bb4.16&#8243; _module_preset=\u00bbdefault\u00bb custom_padding=\u00bb|||\u00bb global_colors_info=\u00bb{}\u00bb custom_padding__hover=\u00bb|||\u00bb][et_pb_text _builder_version=\u00bb4.17.4&#8243; _module_preset=\u00bbdefault\u00bb text_font=\u00bb||||||||\u00bb text_text_color=\u00bb#FAFBFC\u00bb text_line_height=\u00bb2em\u00bb header_font=\u00bb||||||||\u00bb header_2_font=\u00bbUbuntu|700|||||||\u00bb header_2_text_color=\u00bb#FFFFFF\u00bb header_2_font_size=\u00bb40px\u00bb header_2_line_height=\u00bb1.4em\u00bb max_width=\u00bb600px\u00bb header_2_text_align_tablet=\u00bbcenter\u00bb header_2_text_align_phone=\u00bbcenter\u00bb header_2_text_align_last_edited=\u00bbon|tablet\u00bb header_2_font_size_tablet=\u00bb\u00bb header_2_font_size_phone=\u00bb30px\u00bb header_2_font_size_last_edited=\u00bbon|phone\u00bb locked=\u00bboff\u00bb global_colors_info=\u00bb{}\u00bb]<\/p>\n<h2>Env\u00edanos un Mensaje<\/h2>\n<p>Si desea obtener una cotizaci\u00f3n o informaci\u00f3n general, complete el siguiente formulario:<\/p>\n<p>[\/et_pb_text][et_pb_code _builder_version=\u00bb4.17.4&#8243; _module_preset=\u00bbdefault\u00bb hover_enabled=\u00bb0&#8243; global_colors_info=\u00bb{}\u00bb sticky_enabled=\u00bb0&#8243;]<div class=\"wpforms-container wpforms-container-full\" id=\"wpforms-572\"><form id=\"wpforms-form-572\" class=\"wpforms-validate wpforms-form wpforms-ajax-form\" data-formid=\"572\" method=\"post\" enctype=\"multipart\/form-data\" action=\"\/es\/wp-json\/wp\/v2\/pages\/530\" data-token=\"d718a6d8500adff131a79c937d6c980c\" data-token-time=\"1778971542\"><noscript class=\"wpforms-error-noscript\">Por favor, activa JavaScript en tu navegador para completar este formulario.<\/noscript><div class=\"wpforms-field-container\"><div id=\"wpforms-572-field_0-container\" class=\"wpforms-field wpforms-field-name\" data-field-id=\"0\"><label class=\"wpforms-field-label wpforms-label-hide\" for=\"wpforms-572-field_0\">Nombre <span class=\"wpforms-required-label\">*<\/span><\/label><div class=\"wpforms-field-row wpforms-field-large\"><div class=\"wpforms-field-row-block wpforms-first wpforms-one-half\"><input type=\"text\" id=\"wpforms-572-field_0\" class=\"wpforms-field-name-first wpforms-field-required\" name=\"wpforms[fields][0][first]\" placeholder=\"Nombre\" required><label for=\"wpforms-572-field_0\" class=\"wpforms-field-sublabel after wpforms-sublabel-hide\">Nombre<\/label><\/div><div class=\"wpforms-field-row-block wpforms-one-half\"><input type=\"text\" id=\"wpforms-572-field_0-last\" class=\"wpforms-field-name-last wpforms-field-required\" name=\"wpforms[fields][0][last]\" placeholder=\"Apellidos\" required><label for=\"wpforms-572-field_0-last\" class=\"wpforms-field-sublabel after wpforms-sublabel-hide\">Apellidos<\/label><\/div><\/div><\/div><div id=\"wpforms-572-field_1-container\" class=\"wpforms-field wpforms-field-email\" data-field-id=\"1\"><label class=\"wpforms-field-label wpforms-label-hide\" for=\"wpforms-572-field_1\">Email <span class=\"wpforms-required-label\">*<\/span><\/label><input type=\"email\" id=\"wpforms-572-field_1\" class=\"wpforms-field-large wpforms-field-required\" name=\"wpforms[fields][1]\" placeholder=\"Email\" spellcheck=\"false\" required><\/div><div id=\"wpforms-572-field_3-container\" class=\"wpforms-field wpforms-field-number\" data-field-id=\"3\"><label class=\"wpforms-field-label wpforms-label-hide\" for=\"wpforms-572-field_3\">N\u00famero de tel\u00e9fono <span class=\"wpforms-required-label\">*<\/span><\/label><input type=\"number\" id=\"wpforms-572-field_3\" class=\"wpforms-field-large wpforms-field-required\" name=\"wpforms[fields][3]\" placeholder=\"N\u00famero de tel\u00e9fono\" step=\"any\" required><\/div><div id=\"wpforms-572-field_2-container\" class=\"wpforms-field wpforms-field-textarea\" data-field-id=\"2\"><label class=\"wpforms-field-label wpforms-label-hide\" for=\"wpforms-572-field_2\">Comentario o Mensaje <span class=\"wpforms-required-label\">*<\/span><\/label><textarea id=\"wpforms-572-field_2\" class=\"wpforms-field-medium wpforms-field-required\" name=\"wpforms[fields][2]\" placeholder=\"\u00bfC\u00f3mo podemos ayudarte?\" required><\/textarea><\/div><\/div><!-- .wpforms-field-container --><div class=\"wpforms-recaptcha-container wpforms-is-recaptcha wpforms-is-recaptcha-type-v2\" ><div class=\"g-recaptcha\" data-sitekey=\"6LdexzwkAAAAACts-_Dg-BIMAwwRS2YF4CiNMMKF\"><\/div><input type=\"text\" name=\"g-recaptcha-hidden\" class=\"wpforms-recaptcha-hidden\" style=\"position:absolute!important;clip:rect(0,0,0,0)!important;height:1px!important;width:1px!important;border:0!important;overflow:hidden!important;padding:0!important;margin:0!important;\" data-rule-recaptcha=\"1\"><\/div><div class=\"wpforms-submit-container\" ><input type=\"hidden\" name=\"wpforms[id]\" value=\"572\"><input type=\"hidden\" name=\"page_title\" value=\"\"><input type=\"hidden\" name=\"page_url\" value=\"https:\/\/americanevolutionglass.com\/es\/wp-json\/wp\/v2\/pages\/530\"><input type=\"hidden\" name=\"url_referer\" value=\"\"><button type=\"submit\" name=\"wpforms[submit]\" id=\"wpforms-submit-572\" class=\"wpforms-submit\" data-alt-text=\"Enviando...\" data-submit-text=\"Enviar\" aria-live=\"assertive\" value=\"wpforms-submit\">Enviar<\/button><img loading=\"lazy\" decoding=\"async\" src=\"https:\/\/americanevolutionglass.com\/wp-content\/plugins\/wpforms-lite\/assets\/images\/submit-spin.svg\" class=\"wpforms-submit-spinner\" style=\"display: none;\" width=\"26\" height=\"26\" alt=\"Cargando\"><\/div><\/form><\/div>  <!-- .wpforms-container -->[\/et_pb_code][et_pb_text _builder_version=\u00bb4.17.4&#8243; _module_preset=\u00bbdefault\u00bb text_font=\u00bb||||||||\u00bb text_text_color=\u00bb#FAFBFC\u00bb text_line_height=\u00bb2em\u00bb header_font=\u00bb||||||||\u00bb header_2_font=\u00bbUbuntu|700|||||||\u00bb header_2_text_align=\u00bbcenter\u00bb header_2_text_color=\u00bb#FFFFFF\u00bb header_2_font_size=\u00bb35px\u00bb header_2_line_height=\u00bb1.4em\u00bb max_width=\u00bb600px\u00bb custom_margin=\u00bb||-8px|||\u00bb custom_padding=\u00bb||1px|||\u00bb header_2_text_align_tablet=\u00bb\u00bb header_2_text_align_phone=\u00bbcenter\u00bb header_2_text_align_last_edited=\u00bbon|desktop\u00bb header_2_font_size_tablet=\u00bb\u00bb header_2_font_size_phone=\u00bb30px\u00bb header_2_font_size_last_edited=\u00bbon|phone\u00bb locked=\u00bboff\u00bb global_colors_info=\u00bb{}\u00bb]<\/p>\n<h2>S\u00edguenos en<\/h2>\n<p>[\/et_pb_text][et_pb_social_media_follow icon_color=\u00bb#FAFBFC\u00bb use_icon_font_size=\u00bbon\u00bb icon_font_size=\u00bb20px\u00bb _builder_version=\u00bb4.17.4&#8243; _module_preset=\u00bbdefault\u00bb text_orientation=\u00bbcenter\u00bb custom_margin=\u00bb10px||||false|false\u00bb locked=\u00bboff\u00bb global_colors_info=\u00bb{}\u00bb][et_pb_social_media_follow_network social_network=\u00bbfacebook\u00bb url=\u00bbhttps:\/\/www.facebook.com\/americanevolutionglassllc\u00bb _builder_version=\u00bb4.17.4&#8243; _module_preset=\u00bbdefault\u00bb background_color=\u00bbRGBA(255,255,255,0)\u00bb background_enable_color=\u00bbon\u00bb global_colors_info=\u00bb{}\u00bb follow_button=\u00bboff\u00bb url_new_window=\u00bbon\u00bb]facebook[\/et_pb_social_media_follow_network][et_pb_social_media_follow_network social_network=\u00bbinstagram\u00bb url=\u00bbhttps:\/\/www.instagram.com\/americanevolutionglass\u00bb _builder_version=\u00bb4.17.4&#8243; _module_preset=\u00bbdefault\u00bb background_color=\u00bbRGBA(255,255,255,0)\u00bb background_enable_color=\u00bbon\u00bb global_colors_info=\u00bb{}\u00bb follow_button=\u00bboff\u00bb url_new_window=\u00bbon\u00bb]instagram[\/et_pb_social_media_follow_network][\/et_pb_social_media_follow][\/et_pb_column][et_pb_column type=\u00bb1_2&#8243; _builder_version=\u00bb4.16&#8243; _module_preset=\u00bbdefault\u00bb custom_padding=\u00bb|||\u00bb global_colors_info=\u00bb{}\u00bb custom_padding__hover=\u00bb|||\u00bb][et_pb_image src=\u00bbhttps:\/\/americanevolutionglass.com\/wp-content\/uploads\/2023\/02\/American-Evolution-Glass-3-2.png\u00bb title_text=\u00bbAmerican Evolution Glass-3&#8243; _builder_version=\u00bb4.17.4&#8243; _module_preset=\u00bbdefault\u00bb global_colors_info=\u00bb{}\u00bb][\/et_pb_image][\/et_pb_column][\/et_pb_row][\/et_pb_section][et_pb_section fb_built=\u00bb1&#8243; fullwidth=\u00bbon\u00bb _builder_version=\u00bb4.17.4&#8243; _module_preset=\u00bbdefault\u00bb global_colors_info=\u00bb{}\u00bb][et_pb_fullwidth_code _builder_version=\u00bb4.17.4&#8243; _module_preset=\u00bbdefault\u00bb global_colors_info=\u00bb{}\u00bb]<iframe src=\"https:\/\/www.google.com\/maps\/embed?pb=!1m14!1m8!1m3!1d3438896.9110684074!2d-83.178297!3d32.6781266!3m2!1i1024!2i768!4f13.1!3m3!1m2!1s0x88f50b97539e9837%3A0x205e2660699e2fbc!2sAmerican%20Evolution%20Glass%20LLC!5e0!3m2!1sen!2sus!4v1675130968783!5m2!1sen!2sus\" width=\"100%\" height=\"450\" style=\"border:0;\" allowfullscreen=\"\" loading=\"lazy\" referrerpolicy=\"no-referrer-when-downgrade\"><\/iframe>[\/et_pb_fullwidth_code][\/et_pb_section]<\/p>\n","protected":false},"excerpt":{"rendered":"<p>Nos encantar\u00eda saber de usted; escr\u00edbanos o simplemente ll\u00e1menos. \u00a1Estamos aqu\u00ed para ayudar! &nbsp;(786) 879-3746(786) 879-3746info@americanevolutionglass.comEnv\u00edanos un Mensaje Si desea obtener una cotizaci\u00f3n o informaci\u00f3n general, complete el siguiente formulario:<div class=\"wpforms-container wpforms-container-full\" id=\"wpforms-572\"><form id=\"wpforms-form-572\" class=\"wpforms-validate wpforms-form wpforms-ajax-form\" data-formid=\"572\" method=\"post\" enctype=\"multipart\/form-data\" action=\"\/es\/wp-json\/wp\/v2\/pages\/530\" data-token=\"d718a6d8500adff131a79c937d6c980c\" data-token-time=\"1778971542\"><noscript class=\"wpforms-error-noscript\">Por favor, activa JavaScript en tu navegador para completar este formulario.<\/noscript><div class=\"wpforms-field-container\"><div id=\"wpforms-572-field_0-container\" class=\"wpforms-field wpforms-field-name\" data-field-id=\"0\"><label class=\"wpforms-field-label wpforms-label-hide\" for=\"wpforms-572-field_0\">Nombre <span class=\"wpforms-required-label\">*<\/span><\/label><div class=\"wpforms-field-row wpforms-field-large\"><div class=\"wpforms-field-row-block wpforms-first wpforms-one-half\"><input type=\"text\" id=\"wpforms-572-field_0\" class=\"wpforms-field-name-first wpforms-field-required\" name=\"wpforms[fields][0][first]\" placeholder=\"Nombre\" required><label for=\"wpforms-572-field_0\" class=\"wpforms-field-sublabel after wpforms-sublabel-hide\">Nombre<\/label><\/div><div class=\"wpforms-field-row-block wpforms-one-half\"><input type=\"text\" id=\"wpforms-572-field_0-last\" class=\"wpforms-field-name-last wpforms-field-required\" name=\"wpforms[fields][0][last]\" placeholder=\"Apellidos\" required><label for=\"wpforms-572-field_0-last\" class=\"wpforms-field-sublabel after wpforms-sublabel-hide\">Apellidos<\/label><\/div><\/div><\/div><div id=\"wpforms-572-field_1-container\" class=\"wpforms-field wpforms-field-email\" data-field-id=\"1\"><label class=\"wpforms-field-label wpforms-label-hide\" for=\"wpforms-572-field_1\">Email <span class=\"wpforms-required-label\">*<\/span><\/label><input type=\"email\" id=\"wpforms-572-field_1\" class=\"wpforms-field-large wpforms-field-required\" name=\"wpforms[fields][1]\" placeholder=\"Email\" spellcheck=\"false\" required><\/div><div id=\"wpforms-572-field_3-container\" class=\"wpforms-field wpforms-field-number\" data-field-id=\"3\"><label class=\"wpforms-field-label wpforms-label-hide\" for=\"wpforms-572-field_3\">N\u00famero de tel\u00e9fono <span class=\"wpforms-required-label\">*<\/span><\/label><input type=\"number\" id=\"wpforms-572-field_3\" class=\"wpforms-field-large wpforms-field-required\" name=\"wpforms[fields][3]\" placeholder=\"N\u00famero de tel\u00e9fono\" step=\"any\" required><\/div><div id=\"wpforms-572-field_2-container\" class=\"wpforms-field wpforms-field-textarea\" data-field-id=\"2\"><label class=\"wpforms-field-label wpforms-label-hide\" for=\"wpforms-572-field_2\">Comentario o Mensaje <span class=\"wpforms-required-label\">*<\/span><\/label><textarea id=\"wpforms-572-field_2\" class=\"wpforms-field-medium wpforms-field-required\" name=\"wpforms[fields][2]\" placeholder=\"\u00bfC\u00f3mo podemos ayudarte?\" required><\/textarea><\/div><\/div><!-- .wpforms-field-container --><div class=\"wpforms-recaptcha-container wpforms-is-recaptcha wpforms-is-recaptcha-type-v2\" ><div class=\"g-recaptcha\" data-sitekey=\"6LdexzwkAAAAACts-_Dg-BIMAwwRS2YF4CiNMMKF\"><\/div><input type=\"text\" name=\"g-recaptcha-hidden\" class=\"wpforms-recaptcha-hidden\" style=\"position:absolute!important;clip:rect(0,0,0,0)!important;height:1px!important;width:1px!important;border:0!important;overflow:hidden!important;padding:0!important;margin:0!important;\" data-rule-recaptcha=\"1\"><\/div><div class=\"wpforms-submit-container\" ><input type=\"hidden\" name=\"wpforms[id]\" value=\"572\"><input type=\"hidden\" name=\"page_title\" value=\"\"><input type=\"hidden\" name=\"page_url\" value=\"https:\/\/americanevolutionglass.com\/es\/wp-json\/wp\/v2\/pages\/530\"><input type=\"hidden\" name=\"url_referer\" value=\"\"><button type=\"submit\" name=\"wpforms[submit]\" id=\"wpforms-submit-572\" class=\"wpforms-submit\" data-alt-text=\"Enviando...\" data-submit-text=\"Enviar\" aria-live=\"assertive\" value=\"wpforms-submit\">Enviar<\/button><img loading=\"lazy\" decoding=\"async\" src=\"https:\/\/americanevolutionglass.com\/wp-content\/plugins\/wpforms-lite\/assets\/images\/submit-spin.svg\" class=\"wpforms-submit-spinner\" style=\"display: none;\" width=\"26\" height=\"26\" alt=\"Cargando\"><\/div><\/form><\/div>  <!-- .wpforms-container -->S\u00edguenos enfacebookinstagram<\/p>\n","protected":false},"author":1,"featured_media":0,"parent":0,"menu_order":0,"comment_status":"closed","ping_status":"closed","template":"","meta":{"_et_pb_use_builder":"on","_et_pb_old_content":"","_et_gb_content_width":"","footnotes":""},"class_list":["post-530","page","type-page","status-publish","hentry"],"_links":{"self":[{"href":"https:\/\/americanevolutionglass.com\/es\/wp-json\/wp\/v2\/pages\/530","targetHints":{"allow":["GET"]}}],"collection":[{"href":"https:\/\/americanevolutionglass.com\/es\/wp-json\/wp\/v2\/pages"}],"about":[{"href":"https:\/\/americanevolutionglass.com\/es\/wp-json\/wp\/v2\/types\/page"}],"author":[{"embeddable":true,"href":"https:\/\/americanevolutionglass.com\/es\/wp-json\/wp\/v2\/users\/1"}],"replies":[{"embeddable":true,"href":"https:\/\/americanevolutionglass.com\/es\/wp-json\/wp\/v2\/comments?post=530"}],"version-history":[{"count":2,"href":"https:\/\/americanevolutionglass.com\/es\/wp-json\/wp\/v2\/pages\/530\/revisions"}],"predecessor-version":[{"id":581,"href":"https:\/\/americanevolutionglass.com\/es\/wp-json\/wp\/v2\/pages\/530\/revisions\/581"}],"wp:attachment":[{"href":"https:\/\/americanevolutionglass.com\/es\/wp-json\/wp\/v2\/media?parent=530"}],"curies":[{"name":"wp","href":"https:\/\/api.w.org\/{rel}","templated":true}]}}